{"id":2,"date":"2017-09-28T14:03:57","date_gmt":"2017-09-28T13:03:57","guid":{"rendered":"https:\/\/www.garabide.eus\/blogak\/ikastaldi-trinkoa\/?page_id=2"},"modified":"2019-11-06T10:35:41","modified_gmt":"2019-11-06T09:35:41","slug":"adibide-orrialdea","status":"publish","type":"page","link":"https:\/\/www.garabide.eus\/blogak\/ikastaldi-trinkoa\/adibide-orrialdea\/","title":{"rendered":"Ikastaldia hedabideetan"},"content":{"rendered":"<ul>\n<li>2019\/11\/05 &#8211; Diario Vasco: &#8220;<a href=\"https:\/\/www.diariovasco.com\/alto-deba\/encuentro-revitalizar-lenguas-20191105011109-ntvo.html\">Encuentro para revitalizar las lenguas del mundo<\/a>&#8220;<\/li>\n<li>2019\/11\/04 &#8211; Radio Euskadi, Graffiti: &#8220;<a href=\"https:\/\/www.eitb.eus\/es\/radio\/radio-euskadi\/programas\/graffiti\/detalle\/6793748\/garabide-encuentro-activistas-linguisticos-mundo\/\">\u00bfPara qu\u00e9 sirve una lengua si no es para crear?<\/a>&#8220;<\/li>\n<li>2019\/11\/04 &#8211; Erran: &#8220;<a href=\"https:\/\/erran.eus\/mendialdea\/1572895142557-garabidehizkuntza-guttituak-hedatzen-laguntzen\">Garabide: Hizkuntza guttituak hedatzen laguntzen<\/a>&#8220;<\/li>\n<li>2019\/11\/04 &#8211; Euskalerria Irratia: &#8220;<a href=\"https:\/\/euskalerriairratia.eus\/komunitatea\/maialensobrino\/1572877115304-ezinezko-konplizitateen-indar-askatzailea\">Ezinezko konplizitateen indar askatzailea<\/a>&#8220;<\/li>\n<li>2019\/11\/03 &#8211; Argia: &#8220;<a href=\"https:\/\/www.argia.eus\/argia-astekaria\/2664\/gloria-beatriz-puc-chiquito\">Hezkuntza deskolonizatzen ari gara, hizkuntza landu ahal izateko<\/a>&#8220;<\/li>\n<li>2019\/11\/01 &#8211; Noticias de Gipuzkoa: &#8220;<a href=\"https:\/\/www.noticiasdegipuzkoa.eus\/2019\/11\/01\/vecinos\/debagoiena\/hizkuntza-gidaritzari-buruzko-ikastaldiari-amaiera-eman-diote\">Hizkuntza Gidaritzari buruzko ikastaldiari amaiera eman diote<\/a>&#8220;<\/li>\n<li>2019\/10\/29 &#8211; Goiena: &#8220;<a href=\"https:\/\/goiena.eus\/debagoiena\/1572358261547-hilabeteko-hizkuntz-eta-kultur-elkartrukeari-amaiera\">Hilabeteko hizkuntz eta kultur elkartrukeari amaiera<\/a>&#8220;<\/li>\n<li>2019\/10\/28 &#8211; Galtzaundi: &#8220;<a href=\"https:\/\/www.galtzaundi.eus\/maputxeen-hizkuntzari-buruzko-dokumentala-ikusi-dute-eskualdeko-ikasleek\/\">Maputxeen hizkuntzari buruzko dokumentala ikusi dute eskualdeko ikasleek<\/a>&#8220;<\/li>\n<li>2019\/10\/28 &#8211; Alea: &#8220;<a href=\"https:\/\/alea.eus\/araba\/1572255997891-garabide-hizkuntza-gutxituak-araba\">Hizkuntza gutxituetako ordezkari indigenak Araban<\/a>&#8220;<\/li>\n<li>2019\/10\/27 &#8211; Eitb blogak, El blog de Roge: &#8220;<a href=\"https:\/\/blogs.eitb.eus\/rogeblasco\/2019\/10\/27\/ana-delia-tenorio-tejiendo-la-lengua-nasa-yuwe\/\">Ana Delia Tenorio tejiendo la lengua nasa yuwe<\/a>&#8220;<\/li>\n<li>2019\/10\/27 &#8211; El Correo: &#8220;<a href=\"https:\/\/www.elcorreo.com\/zurekin\/hizkuntza-gutxituen-egoera-20191027192023-nt.html\">Hizkuntza gutxituen egoera aztertuko duen mahai-ingurua izango da bihar, Gasteizen<\/a>&#8220;<\/li>\n<li>2019\/10\/24 &#8211; Alea, Gorbeialdea: &#8220;<a href=\"https:\/\/alea.eus\/gorbeialdea\/1571824349353-ikus-entzunezkoa-waye\">&#8216;Waye&#8217; [Ikusentzunezkoa]<\/a>&#8220;<\/li>\n<li>2019\/10\/23 &#8211; Iparraldeko Hitza: &#8220;<a href=\"https:\/\/iparraldekohitza.eus\/2019\/09\/28\/aurten-fokua-patagonian\/\">Aurten, fokua Patagonian<\/a>&#8220;<\/li>\n<li>2019\/10\/23 &#8211; TUlankide: &#8220;<a href=\"https:\/\/www.tulankide.com\/eu\/kolaborazioak\/hizkuntza-gidaritzari-buruzko-ikastaldia\">Hizkuntza Gidaritzari buruzko Ikastaldia<\/a>&#8220;<\/li>\n<li>2019\/10\/23 &#8211; Argia: &#8220;<a href=\"https:\/\/www.argia.eus\/blogak\/argia\/2019\/10\/23\/nola-normalizatu-ia-zuloraino-eraman-zigutena\/\">Nola normalizatu ia zuloraino eraman zigutena<\/a>&#8220;<\/li>\n<li>2019\/10\/21 &#8211; Radio Euskadi, Graffiti: &#8220;<a href=\"https:\/\/www.eitb.eus\/es\/radio\/radio-euskadi\/programas\/graffiti\/detalle\/6761696\/los-retos-lenguas-indigenas-sudamerica-aymara-guarani-nasa\/\">Los retos de las lenguas ind\u00edgenas en Sudam\u00e9rica<\/a>&#8220;<\/li>\n<li>2019\/10\/17 &#8211; Noticias de Navarra: &#8220;<a href=\"https:\/\/www.noticiasdenavarra.com\/2019\/10\/17\/sociedad\/guatemaltarrek-euren-hizkuntzak-berreskuratzeko-oso-gogoa-handia-dute\">Guatemaltarrek euren hizkuntzak berreskuratzeko oso gogo handia dute<\/a>&#8220;<\/li>\n<li>2019\/10\/15 &#8211; Berria, Bizigiro: &#8220;<a href=\"https:\/\/www.berria.eus\/paperekoa\/1922\/054\/001\/2019-10-15\/hizkuntza-gutxituak-elkartuta.htm\">Hizkuntza gutxituak, elkartuta<\/a>&#8220;<\/li>\n<li>2019\/10\/14 &#8211; Bilbo Hiria irratia: &#8220;<a href=\"https:\/\/www.bilbohiria.eus\/58272\">Kitxua eta Maputxe komunitateak ezagutu ditugu Garabideren ikastaroaren eskutik<\/a>&#8220;<\/li>\n<li>2019\/10\/14 &#8211; EHUTB: &#8220;<a href=\"https:\/\/ehutb.ehu.eus\/video\/5da6adfbf82b2bb1428b47ae\">Yucatango maiak eta euskaldunak<\/a>&#8220;<\/li>\n<li>2019\/10\/14 &#8211; Radio Euskadi, Graffiti: &#8220;<a href=\"https:\/\/www.eitb.eus\/es\/radio\/radio-euskadi\/programas\/graffiti\/detalle\/6738091\/las-lenguas-minorizadas-ecuador\/\">Las lenguas minorizadas de Ecuador<\/a>&#8220;<\/li>\n<li>2019\/10\/12 &#8211; Eitb blogak, El blog de Roge: &#8220;<a href=\"https:\/\/blogs.eitb.eus\/rogeblasco\/2019\/10\/12\/garabide-por-la-revitalizacion-de-las-lenguas-minoritarias\/\">Garabide por la revitalizaci\u00f3n de las lenguas minoritarias<\/a>&#8220;<\/li>\n<li>2019\/10\/12 &#8211; Sustatu: &#8220;<a href=\"https:\/\/sustatu.eus\/1570704081\">Hizkuntza Indigenen Nazioarteko Urtean, jardunaldi bat Bilbon<\/a>&#8220;<\/li>\n<li>2019\/10\/12 &#8211; Argiak: &#8220;<a href=\"https:\/\/twitter.com\/argia\/status\/1183030757280931840\">Deskolonizazioaren egunean ordezkaritza aparta etorri zaigu&#8230;<\/a>&#8220;<\/li>\n<li>2019\/10\/10 &#8211; Segura Irratia: &#8220;<a href=\"http:\/\/segurairratia.eus\/hizkuntza-gidaritzari-buruzko-ikastaroak\/\">Hizkuntza Gidaritzari buruzko Ikastaroak<\/a>&#8220;<\/li>\n<li>2019\/10\/07 &#8211; Radio Euskadi, Graffiti: &#8220;<a href=\"https:\/\/www.eitb.eus\/es\/radio\/radio-euskadi\/programas\/graffiti\/detalle\/6721808\/la-perdida-diversidad-linguistica-es-mayor-la-biodiversidad\/\">La p\u00e9rdida de la diversidad ling\u00fc\u00edstica en el mundo se acelera<\/a>&#8220;<\/li>\n<li>2019\/10\/07 &#8211; Bizkaia Irratia: &#8220;<a href=\"http:\/\/www.bizkaiairratia.eus\/albisteak\/ikusi\/%60Hizkuntza+Gidaritzari+buruzko+Ikastaldia%C2%B4+martxan+\/7348\">&#8216;Hizkuntza Gidaritzari buruzko Ikastaldia&#8217; martxan<\/a>&#8220;<\/li>\n<li>2019\/10\/06 &#8211; La Estrella de Panam\u00e1: &#8220;<a href=\"https:\/\/www.laestrella.com.pa\/nacional\/191005\/diversidad-cooperacion-lingueistica-revitalizacion\">Diversidad ling\u00fc\u00edstica, revitalizaci\u00f3n y cooperaci\u00f3n<\/a>&#8220;<\/li>\n<li>2019\/10\/04 &#8211; Aretxabaletako Udala: &#8220;<a href=\"https:\/\/www.aretxabaleta.eus\/eu\/aktualitatea\/hizkuntza-gidaritzari-buruzko-ikastaldiko-partaideei-harrera?set_language=eu\">Hizkuntza gidaritzari buruzko ikastaldiko partaideei harrera<\/a>&#8220;<\/li>\n<li>2019\/10\/03 &#8211; Naiz: &#8220;<a href=\"https:\/\/www.naiz.eus\/eu\/hemeroteca\/gara\/editions\/2019-10-03\/hemeroteca_articles\/maia-eta-euskara-elkarrekin-xxi-mendeko-globalizazioaren-aitzinean\">Maia eta euskara elkarrekin XXI. mendeko globalizazioaren aitzinean<\/a>&#8220;<\/li>\n<li>2019\/10\/03 &#8211; El Diario Vasco: &#8220;<a href=\"https:\/\/www.diariovasco.com\/alto-deba\/recibimiento-participantes-curso-20191003001026-ntvo.html\">Recibimiento a los participantes en el curso de revitalizaci\u00f3n ling\u00fc\u00edstica<\/a>&#8220;<\/li>\n<li>2019\/10\/02 &#8211; Argia: &#8220;<a href=\"https:\/\/www.argia.eus\/plaza\/garabide-elkartea\/aretxabaletako-alkateak-harrera-egin-die-hizkuntza-gidaritzari-buruzko-ikastaldiko-partaideei\">Aretxabaletako alkateak harrera egin die Hizkuntza Gidaritzari buruzko Ikastaldiko kideei<\/a>&#8220;<\/li>\n<li>2019\/09\/30 &#8211; Arrosa irratien sarea, Zebrabidea: &#8220;<a href=\"http:\/\/www.arrosasarea.eus\/2019\/09\/30\/hizkuntzaren-biziberritze-prozesuak-munduko-toki-gehienetan-gertatzen-ari-dira\/\">Maialen Sobrino (Garabide): &#8220;Hizkuntzaren biziberritze prozesuak munduko toki gehienetan gertatzen ari dira&#8221;<\/a>&#8220;<\/li>\n<li>2019\/09\/30 &#8211; Radio Euskadi, Graffiti: &#8220;<a href=\"https:\/\/www.eitb.eus\/es\/radio\/radio-euskadi\/programas\/graffiti\/audios\/detalle\/6705905\/audio-el-reto-rodar-documental-maya-yucateco\/\">El reto de rodar un documental en maya yucateco<\/a>&#8220;<\/li>\n<\/ul>\n","protected":false},"excerpt":{"rendered":"<p>2019\/11\/05 &#8211; Diario Vasco: &#8220;Encuentro para revitalizar las lenguas del mundo&#8220; 2019\/11\/04 &#8211; Radio Euskadi, Graffiti: &#8220;\u00bfPara qu\u00e9 sirve una lengua si no es para crear?&#8220; 2019\/11\/04 &#8211; Erran: &#8220;Garabide: Hizkuntza guttituak hedatzen laguntzen&#8220; 2019\/11\/04 &#8211; Euskalerria Irratia: &#8220;Ezinezko konplizitateen &hellip; <a href=\"https:\/\/www.garabide.eus\/blogak\/ikastaldi-trinkoa\/adibide-orrialdea\/\">Jarraitu irakurtzen <span class=\"meta-nav\">&rarr;<\/span><\/a><\/p>\n","protected":false},"author":9,"featured_media":0,"parent":0,"menu_order":0,"comment_status":"closed","ping_status":"open","template":"","meta":{"footnotes":""},"_links":{"self":[{"href":"https:\/\/www.garabide.eus\/blogak\/ikastaldi-trinkoa\/wp-json\/wp\/v2\/pages\/2"}],"collection":[{"href":"https:\/\/www.garabide.eus\/blogak\/ikastaldi-trinkoa\/wp-json\/wp\/v2\/pages"}],"about":[{"href":"https:\/\/www.garabide.eus\/blogak\/ikastaldi-trinkoa\/wp-json\/wp\/v2\/types\/page"}],"author":[{"embeddable":true,"href":"https:\/\/www.garabide.eus\/blogak\/ikastaldi-trinkoa\/wp-json\/wp\/v2\/users\/9"}],"replies":[{"embeddable":true,"href":"https:\/\/www.garabide.eus\/blogak\/ikastaldi-trinkoa\/wp-json\/wp\/v2\/comments?post=2"}],"version-history":[{"count":14,"href":"https:\/\/www.garabide.eus\/blogak\/ikastaldi-trinkoa\/wp-json\/wp\/v2\/pages\/2\/revisions"}],"predecessor-version":[{"id":348,"href":"https:\/\/www.garabide.eus\/blogak\/ikastaldi-trinkoa\/wp-json\/wp\/v2\/pages\/2\/revisions\/348"}],"wp:attachment":[{"href":"https:\/\/www.garabide.eus\/blogak\/ikastaldi-trinkoa\/wp-json\/wp\/v2\/media?parent=2"}],"curies":[{"name":"wp","href":"https:\/\/api.w.org\/{rel}","templated":true}]}}